{"id":5942,"date":"2022-01-11T15:14:52","date_gmt":"2022-01-11T14:14:52","guid":{"rendered":"https:\/\/degrassihotel.si\/misure-covid-19\/"},"modified":"2022-01-11T15:14:52","modified_gmt":"2022-01-11T14:14:52","slug":"misure-covid-19","status":"publish","type":"page","link":"https:\/\/degrassihotel.si\/it\/misure-covid-19\/","title":{"rendered":"Misure Covid-19"},"content":{"rendered":"\t\t<div data-elementor-type=\"wp-page\" data-elementor-id=\"5942\" class=\"elementor elementor-5942 elementor-1939\" data-elementor-post-type=\"page\">\n\t\t\t\t\t\t<section class=\"elementor-section elementor-top-section elementor-element elementor-element-4a64b9c2 elementor-section-boxed elementor-section-height-default elementor-section-height-default\" data-id=\"4a64b9c2\" data-element_type=\"section\" data-settings=\"{&quot;hoteller_ext_is_background_parallax&quot;:&quot;false&quot;,&quot;hoteller_ext_is_background_backdrop&quot;:&quot;false&quot;,&quot;hoteller_ext_is_background_on_scroll&quot;:&quot;false&quot;}\">\n\t\t\t\t\t\t<div class=\"elementor-container elementor-column-gap-default\">\n\t\t\t\t\t<div class=\"elementor-column elementor-col-100 elementor-top-column elementor-element elementor-element-488ebba8\" data-id=\"488ebba8\" data-element_type=\"column\" data-settings=\"{&quot;hoteller_ext_link_sidemenu&quot;:&quot;false&quot;,&quot;hoteller_ext_link_fullmenu&quot;:&quot;false&quot;,&quot;hoteller_ext_link_closed_fullmenu&quot;:&quot;false&quot;,&quot;hoteller_ext_is_scrollme&quot;:&quot;false&quot;,&quot;hoteller_ext_is_smoove&quot;:&quot;false&quot;,&quot;hoteller_ext_is_parallax_mouse&quot;:&quot;false&quot;,&quot;hoteller_ext_is_infinite&quot;:&quot;false&quot;,&quot;hoteller_ext_is_fadeout_animation&quot;:&quot;false&quot;,&quot;hoteller_ext_mobile_static&quot;:&quot;false&quot;}\">\n\t\t\t<div class=\"elementor-widget-wrap elementor-element-populated\">\n\t\t\t\t\t\t<div class=\"elementor-element elementor-element-5c728ddd elementor-widget elementor-widget-text-editor\" data-id=\"5c728ddd\" data-element_type=\"widget\" data-settings=\"{&quot;hoteller_ext_link_sidemenu&quot;:&quot;false&quot;,&quot;hoteller_ext_link_fullmenu&quot;:&quot;false&quot;,&quot;hoteller_ext_link_closed_fullmenu&quot;:&quot;false&quot;,&quot;hoteller_ext_is_scrollme&quot;:&quot;false&quot;,&quot;hoteller_ext_is_smoove&quot;:&quot;false&quot;,&quot;hoteller_ext_is_parallax_mouse&quot;:&quot;false&quot;,&quot;hoteller_ext_is_infinite&quot;:&quot;false&quot;,&quot;hoteller_ext_is_fadeout_animation&quot;:&quot;false&quot;,&quot;hoteller_ext_mobile_static&quot;:&quot;false&quot;}\" data-widget_type=\"text-editor.default\">\n\t\t\t\t\t\t\t\t\t<h2>Abbiamo a cuore la tua sicurezza<\/h2>\n\t\t\t\t\t\t\t\t<\/div>\n\t\t\t\t\t<\/div>\n\t\t<\/div>\n\t\t\t\t\t<\/div>\n\t\t<\/section>\n\t\t\t\t<section class=\"elementor-section elementor-top-section elementor-element elementor-element-ef25cd5 elementor-section-boxed elementor-section-height-default elementor-section-height-default\" data-id=\"ef25cd5\" data-element_type=\"section\" data-settings=\"{&quot;hoteller_ext_is_background_parallax&quot;:&quot;false&quot;,&quot;hoteller_ext_is_background_backdrop&quot;:&quot;false&quot;,&quot;hoteller_ext_is_background_on_scroll&quot;:&quot;false&quot;}\">\n\t\t\t\t\t\t<div class=\"elementor-container elementor-column-gap-default\">\n\t\t\t\t\t<div class=\"elementor-column elementor-col-100 elementor-top-column elementor-element elementor-element-a3acbb7\" data-id=\"a3acbb7\" data-element_type=\"column\" data-settings=\"{&quot;hoteller_ext_link_sidemenu&quot;:&quot;false&quot;,&quot;hoteller_ext_link_fullmenu&quot;:&quot;false&quot;,&quot;hoteller_ext_link_closed_fullmenu&quot;:&quot;false&quot;,&quot;hoteller_ext_is_scrollme&quot;:&quot;false&quot;,&quot;hoteller_ext_is_smoove&quot;:&quot;false&quot;,&quot;hoteller_ext_is_parallax_mouse&quot;:&quot;false&quot;,&quot;hoteller_ext_is_infinite&quot;:&quot;false&quot;,&quot;hoteller_ext_is_fadeout_animation&quot;:&quot;false&quot;,&quot;hoteller_ext_mobile_static&quot;:&quot;false&quot;}\">\n\t\t\t<div class=\"elementor-widget-wrap elementor-element-populated\">\n\t\t\t\t\t\t<div class=\"elementor-element elementor-element-edb5154 elementor-widget elementor-widget-text-editor\" data-id=\"edb5154\" data-element_type=\"widget\" data-settings=\"{&quot;hoteller_ext_link_sidemenu&quot;:&quot;false&quot;,&quot;hoteller_ext_link_fullmenu&quot;:&quot;false&quot;,&quot;hoteller_ext_link_closed_fullmenu&quot;:&quot;false&quot;,&quot;hoteller_ext_is_scrollme&quot;:&quot;false&quot;,&quot;hoteller_ext_is_smoove&quot;:&quot;false&quot;,&quot;hoteller_ext_is_parallax_mouse&quot;:&quot;false&quot;,&quot;hoteller_ext_is_infinite&quot;:&quot;false&quot;,&quot;hoteller_ext_is_fadeout_animation&quot;:&quot;false&quot;,&quot;hoteller_ext_mobile_static&quot;:&quot;false&quot;}\" data-widget_type=\"text-editor.default\">\n\t\t\t\t\t\t\t\t\t<p>Carissimi ospiti!<\/p>\n<p>A DeGrassi Boutique Garni Hotel ci siamo presi cura di garantire la vostra sicurezza e protezione preparando ed introducendo numerose misure di protezione ed igiene, seguendo sempre le raccomandazioni del NIJZ (Istituto nazionale per la salute pubblica, una struttura simile all\u2019ISS) nonch\u00e9 misure e raccomandazioni dell\u2019Organizzazione mondiale della sanit\u00e0 (OMS).<\/p>\n<p>&nbsp;<\/p>\n<h4>Personale<\/h4>\n<ul>\n<li>Si possono presentare al lavoro soltanto gli impiegati sani la cui salute va controllata quotidianamente.<\/li>\n<li>I nostri impiegati vegnono regolarmente informati su protezione, igiene e sicurezza tramite programmi educativi organizzati dall\u2019azienda.<\/li>\n<li>Gli impiegati vengono provvisti di tutti i necessari dispositivi di protezione.<\/li>\n<li>Nel caso si presentassero segni di malattia del sistema respiratorio presso ospiti o impiegati abbiamo appositi protocolli per fare tamponi ed isolare i malati.<\/li>\n<\/ul>\n<p>&nbsp;<\/p>\n<h4>Ricevimento<\/h4>\n<ul>\n<li>Quando si fa la fila alla reception, \u00e8 sempre obbligatorio rispettare la distanza interpersonale di almeno 1,5 tra una persona ed un\u2019altra. Tutte le tavole e sedie nella hall dell\u2019albergo sono distribuite a 1,5 di distanza minima.<\/li>\n<li>Alla reception e nella hall dell\u2019albergo ci sono dispenser di disinfettante per mani senza contatto, con sensore.<\/li>\n<li>Il banco del reparto ricevimento viene regolarmente disinfettato.<\/li>\n<li>Il reparto ricevimento e la hall vengono ventilati diverse volte al giorno.<\/li>\n<li>Qualora possibile, alla reception non vengono usati carta, penne e volantini.<\/li>\n<li>Si raccomanda di usare modalit\u00e0 di pagamento cashless.<\/li>\n<li>All\u2019arrivo, tutti i nostri ospiti vengono provvisti di un pacchetto protettivo con mascherina e fazzolletti disinfettanti.<\/li>\n<li>Le chiavi \/ schede magnetiche per entrare nella camera vengono disinfettate per ogni singolo ospite e poi consegnate in maniera sicura. Grazie ad un\u2019apposita app, gli ospiti potranno accedere alle loro camere anche utilizzando il loro smartphone come una chiave virtuale.<\/li>\n<li>Per ragioni di sicurezza si raccommanda di fare le scale anzich\u00e9 prendere l\u2019ascensore, il che fa bene anche alla nostra salute in generale.<\/li>\n<\/ul>\n<p>&nbsp;<\/p>\n<h4>Camere DeGrassi Boutique Garni Hotel<\/h4>\n<ul>\n<li>Nelle camere abbiamo identificato 8 superfici che i nostri ospiti utilizzano con una maggiore frequenza (maniglie, superfici dure, interruttori, telecomando del condizionatore d\u2019aria, letto, cassaforte, telecomando del televisore, bagno).<\/li>\n<li>L\u2019ospite \u00e8 libero di decidere che durante il periodo del suo soggiorno non far\u00e0 entrare il nostro personale di pulizia nella sua camera. Qualora fosse cos\u00ed, l\u2019ospite viene gentilmente consigliato di arieggiare la sua camera regolarmente.<\/li>\n<li>Abbiamo tolto gli elementi decorativi dai mobili imbottiti e dal letto.<\/li>\n<li>Durante la pulizia, la camera viene arieggiata.<\/li>\n<li>Biancheria, asciugamani, accapattoi non vengono solo lavati ad alte temperature ma anche sanitizzati.<\/li>\n<\/ul>\n<p>&nbsp;<\/p>\n<h4>Aperitivo bar<\/h4>\n<ul>\n<li>Le tavole nel locale vengono disposte a distanza di almeno 1,5m.<\/li>\n<li>Il numero di ospiti nel locale \u00e8 stato limitato.<\/li>\n<li>Nel caso gli individui facessero la fila per entrare il locale, la distanza interpersonale prescritta \u00e8 almeno 1,5 metri.<\/li>\n<li>Di fronte all\u2019entrata nel locale abbiamo installato il dispenser di disinfettante per mani senza contatto.<\/li>\n<li>Tutte le superfici comuni, tavoli, sedie ed impianti spina vanno regolarmente sanitizzati.<\/li>\n<li>La prima colazione viene preparata e servita in conformita alle rigorose misure di sicurezza.<\/li>\n<li>I pasti vanno serviti anche tramite servizio in camera oppue come cestini per il pranzo che gli ospiti potranno portare con loro.<\/li>\n<li>Piatti, posate e tovaglie vanno lavati e sanificati nelle apposite macchine per disinfezione e sanificazione.<\/li>\n<\/ul>\n<p>&nbsp;<\/p>\n<h4>Eventi e riunioni<\/h4>\n<ul>\n<li>Capienza di locali riservati ad eventi e riunioni \u00e8 stata ridotta, di modo da garantire la distanza tra le sedie di almeno 1,5m in tutte le quattro le direzioni.<\/li>\n<li>Dovunque il locale acconsente, viene garantito ai partecipanti di muoversi in ambedue le direzioni. La direzione di movimento viene segnata mediante frecce, mentre i cartelli vengono disposti per segnalare entrate ed uscite separate.<\/li>\n<li>Tutte le superfici toccate dai partecipanti degli eventi e riunioni vengono regolarmente sanitizzate: maniglie, banchi, recinzioni, tavole e sedie.<\/li>\n<li>Tutti gli apparecchi tecnici che vengono toccati dagli utenti vanno regolarmente sanitizzati (microfoni, portatili, leggii \u2026). Apparecchi tecnici vengono consegnati al cliente in una borsa sigillata come segno che sono stati puliti e sanitizzati.<\/li>\n<li>Durante ogni pausa, il locale va regolarmente arieggiato.<\/li>\n<li>I pasti vengono preparati e serviti in conformit\u00e0 alle rigorose misure di sicurezza previste. L\u2019offerta, addattata a una nuova forma della vita sociale, offre \u00ab monoporzioni \u00bb servite dal nostro personale durante le pause degli eventi o ai banchetti.<\/li>\n<li>Capienze del bar, della cantina vini, della terrazza e delle antisale per banchetti sono state ridotte di modo da garantire la distanza interpersonale di almeno 1,5 m.<\/li>\n<\/ul>\n<p>&nbsp;<\/p>\n<h4>Sicuri insieme<\/h4>\n<p>Siamo proprio noi stessi quelli che possiamo fare molto per la propria sicurezza e quella delle persone che ci stanno intorno. Durante il soggiorno da noi, gli ospiti vengono gentilmente richiesti di rispettare le raccomandazioni della professione sanitaria:<\/p>\n<ul>\n<li>tenere la distanza interpersonale obbligatoria di almeno 1,5 m<\/li>\n<li>lavarsi regolarmente le mani con sapone oppure con disinfettante a base di alcool qualora non avete a disposizione il sapone<\/li>\n<li>non toccare occhi, naso e bocca<\/li>\n<li>osservare regole relative a tosse e starnuti<\/li>\n<li>rendersi conto che contatti fisici intimi (stringersi la mano, abbracciarsi) aumentano la probabilit\u00e0 del contagio<\/li>\n<li>indossare la mascherina.<\/li>\n<\/ul>\n\t\t\t\t\t\t\t\t<\/div>\n\t\t\t\t\t<\/div>\n\t\t<\/div>\n\t\t\t\t\t<\/div>\n\t\t<\/section>\n\t\t\t\t<\/div>\n\t\t","protected":false},"excerpt":{"rendered":"<p>Abbiamo a cuore la tua sicurezza Carissimi ospiti! A DeGrassi Boutique Garni Hotel ci siamo presi cura di garantire la vostra sicurezza e protezione preparando ed introducendo numerose misure di protezione ed igiene, seguendo sempre le raccomandazioni del NIJZ (Istituto [&hellip;]<\/p>\n","protected":false},"author":1,"featured_media":0,"parent":0,"menu_order":0,"comment_status":"closed","ping_status":"open","template":"elementor_header_footer","meta":{"_acf_changed":false,"footnotes":""},"class_list":["post-5942","page","type-page","status-publish","hentry"],"acf":[],"yoast_head":"<!-- This site is optimized with the Yoast SEO plugin v26.5 - https:\/\/yoast.com\/wordpress\/plugins\/seo\/ -->\n<title>Misure Covid-19 - DeGrassi Boutique Garni Hotel **** Izola<\/title>\n<meta name=\"robots\" content=\"noindex, nofollow\" \/>\n<meta property=\"og:locale\" content=\"it_IT\" \/>\n<meta property=\"og:type\" content=\"article\" \/>\n<meta property=\"og:title\" content=\"Misure Covid-19 - DeGrassi Boutique Garni Hotel **** Izola\" \/>\n<meta property=\"og:description\" content=\"Abbiamo a cuore la tua sicurezza Carissimi ospiti! A DeGrassi Boutique Garni Hotel ci siamo presi cura di garantire la vostra sicurezza e protezione preparando ed introducendo numerose misure di protezione ed igiene, seguendo sempre le raccomandazioni del NIJZ (Istituto [&hellip;]\" \/>\n<meta property=\"og:url\" content=\"https:\/\/degrassihotel.si\/it\/misure-covid-19\/\" \/>\n<meta property=\"og:site_name\" content=\"DeGrassi Boutique Garni Hotel **** Izola\" \/>\n<meta name=\"twitter:card\" content=\"summary_large_image\" \/>\n<meta name=\"twitter:label1\" content=\"Tempo di lettura stimato\" \/>\n\t<meta name=\"twitter:data1\" content=\"4 minuti\" \/>\n<script type=\"application\/ld+json\" class=\"yoast-schema-graph\">{\"@context\":\"https:\/\/schema.org\",\"@graph\":[{\"@type\":\"WebPage\",\"@id\":\"https:\/\/degrassihotel.si\/it\/misure-covid-19\/\",\"url\":\"https:\/\/degrassihotel.si\/it\/misure-covid-19\/\",\"name\":\"Misure Covid-19 - DeGrassi Boutique Garni Hotel **** Izola\",\"isPartOf\":{\"@id\":\"https:\/\/degrassihotel.si\/it\/#website\"},\"datePublished\":\"2022-01-11T14:14:52+00:00\",\"breadcrumb\":{\"@id\":\"https:\/\/degrassihotel.si\/it\/misure-covid-19\/#breadcrumb\"},\"inLanguage\":\"it-IT\",\"potentialAction\":[{\"@type\":\"ReadAction\",\"target\":[\"https:\/\/degrassihotel.si\/it\/misure-covid-19\/\"]}]},{\"@type\":\"BreadcrumbList\",\"@id\":\"https:\/\/degrassihotel.si\/it\/misure-covid-19\/#breadcrumb\",\"itemListElement\":[{\"@type\":\"ListItem\",\"position\":1,\"name\":\"Home\",\"item\":\"https:\/\/degrassihotel.si\/it\/\"},{\"@type\":\"ListItem\",\"position\":2,\"name\":\"Misure Covid-19\"}]},{\"@type\":\"WebSite\",\"@id\":\"https:\/\/degrassihotel.si\/it\/#website\",\"url\":\"https:\/\/degrassihotel.si\/it\/\",\"name\":\"DeGrassi Boutique Garni Hotel **** Izola\",\"description\":\"\",\"potentialAction\":[{\"@type\":\"SearchAction\",\"target\":{\"@type\":\"EntryPoint\",\"urlTemplate\":\"https:\/\/degrassihotel.si\/it\/?s={search_term_string}\"},\"query-input\":{\"@type\":\"PropertyValueSpecification\",\"valueRequired\":true,\"valueName\":\"search_term_string\"}}],\"inLanguage\":\"it-IT\"}]}<\/script>\n<!-- \/ Yoast SEO plugin. -->","yoast_head_json":{"title":"Misure Covid-19 - DeGrassi Boutique Garni Hotel **** Izola","robots":{"index":"noindex","follow":"nofollow"},"og_locale":"it_IT","og_type":"article","og_title":"Misure Covid-19 - DeGrassi Boutique Garni Hotel **** Izola","og_description":"Abbiamo a cuore la tua sicurezza Carissimi ospiti! A DeGrassi Boutique Garni Hotel ci siamo presi cura di garantire la vostra sicurezza e protezione preparando ed introducendo numerose misure di protezione ed igiene, seguendo sempre le raccomandazioni del NIJZ (Istituto [&hellip;]","og_url":"https:\/\/degrassihotel.si\/it\/misure-covid-19\/","og_site_name":"DeGrassi Boutique Garni Hotel **** Izola","twitter_card":"summary_large_image","twitter_misc":{"Tempo di lettura stimato":"4 minuti"},"schema":{"@context":"https:\/\/schema.org","@graph":[{"@type":"WebPage","@id":"https:\/\/degrassihotel.si\/it\/misure-covid-19\/","url":"https:\/\/degrassihotel.si\/it\/misure-covid-19\/","name":"Misure Covid-19 - DeGrassi Boutique Garni Hotel **** Izola","isPartOf":{"@id":"https:\/\/degrassihotel.si\/it\/#website"},"datePublished":"2022-01-11T14:14:52+00:00","breadcrumb":{"@id":"https:\/\/degrassihotel.si\/it\/misure-covid-19\/#breadcrumb"},"inLanguage":"it-IT","potentialAction":[{"@type":"ReadAction","target":["https:\/\/degrassihotel.si\/it\/misure-covid-19\/"]}]},{"@type":"BreadcrumbList","@id":"https:\/\/degrassihotel.si\/it\/misure-covid-19\/#breadcrumb","itemListElement":[{"@type":"ListItem","position":1,"name":"Home","item":"https:\/\/degrassihotel.si\/it\/"},{"@type":"ListItem","position":2,"name":"Misure Covid-19"}]},{"@type":"WebSite","@id":"https:\/\/degrassihotel.si\/it\/#website","url":"https:\/\/degrassihotel.si\/it\/","name":"DeGrassi Boutique Garni Hotel **** Izola","description":"","potentialAction":[{"@type":"SearchAction","target":{"@type":"EntryPoint","urlTemplate":"https:\/\/degrassihotel.si\/it\/?s={search_term_string}"},"query-input":{"@type":"PropertyValueSpecification","valueRequired":true,"valueName":"search_term_string"}}],"inLanguage":"it-IT"}]}},"_links":{"self":[{"href":"https:\/\/degrassihotel.si\/it\/wp-json\/wp\/v2\/pages\/5942","targetHints":{"allow":["GET"]}}],"collection":[{"href":"https:\/\/degrassihotel.si\/it\/wp-json\/wp\/v2\/pages"}],"about":[{"href":"https:\/\/degrassihotel.si\/it\/wp-json\/wp\/v2\/types\/page"}],"author":[{"embeddable":true,"href":"https:\/\/degrassihotel.si\/it\/wp-json\/wp\/v2\/users\/1"}],"replies":[{"embeddable":true,"href":"https:\/\/degrassihotel.si\/it\/wp-json\/wp\/v2\/comments?post=5942"}],"version-history":[{"count":0,"href":"https:\/\/degrassihotel.si\/it\/wp-json\/wp\/v2\/pages\/5942\/revisions"}],"wp:attachment":[{"href":"https:\/\/degrassihotel.si\/it\/wp-json\/wp\/v2\/media?parent=5942"}],"curies":[{"name":"wp","href":"https:\/\/api.w.org\/{rel}","templated":true}]}}